{"id":2,"date":"2024-06-27T02:12:19","date_gmt":"2024-06-27T02:12:19","guid":{"rendered":"https:\/\/daktilarimobiliaria.com.mx\/?page_id=2"},"modified":"2024-07-11T02:29:58","modified_gmt":"2024-07-11T02:29:58","slug":"sample-page","status":"publish","type":"page","link":"https:\/\/daktilarimobiliaria.com.mx\/","title":{"rendered":"INICIO"},"content":{"rendered":"\t\t<div data-elementor-type=\"wp-page\" data-elementor-id=\"2\" class=\"elementor elementor-2\">\n\t\t\t\t<div class=\"elementor-element elementor-element-8f1b454 e-con-full e-flex e-con e-parent\" data-id=\"8f1b454\" data-element_type=\"container\" data-settings=\"{&quot;background_background&quot;:&quot;classic&quot;}\">\n\t\t\t\t<div class=\"elementor-element elementor-element-b8b554c elementor-widget elementor-widget-spacer\" data-id=\"b8b554c\" data-element_type=\"widget\" data-widget_type=\"spacer.default\">\n\t\t\t\t<div class=\"elementor-widget-container\">\n\t\t\t<style>\/*! elementor - v3.23.0 - 05-08-2024 *\/\n.elementor-column .elementor-spacer-inner{height:var(--spacer-size)}.e-con{--container-widget-width:100%}.e-con-inner>.elementor-widget-spacer,.e-con>.elementor-widget-spacer{width:var(--container-widget-width,var(--spacer-size));--align-self:var(--container-widget-align-self,initial);--flex-shrink:0}.e-con-inner>.elementor-widget-spacer>.elementor-widget-container,.e-con>.elementor-widget-spacer>.elementor-widget-container{height:100%;width:100%}.e-con-inner>.elementor-widget-spacer>.elementor-widget-container>.elementor-spacer,.e-con>.elementor-widget-spacer>.elementor-widget-container>.elementor-spacer{height:100%}.e-con-inner>.elementor-widget-spacer>.elementor-widget-container>.elementor-spacer>.elementor-spacer-inner,.e-con>.elementor-widget-spacer>.elementor-widget-container>.elementor-spacer>.elementor-spacer-inner{height:var(--container-widget-height,var(--spacer-size))}.e-con-inner>.elementor-widget-spacer.elementor-widget-empty,.e-con>.elementor-widget-spacer.elementor-widget-empty{position:relative;min-height:22px;min-width:22px}.e-con-inner>.elementor-widget-spacer.elementor-widget-empty .elementor-widget-empty-icon,.e-con>.elementor-widget-spacer.elementor-widget-empty .elementor-widget-empty-icon{position:absolute;top:0;bottom:0;left:0;right:0;margin:auto;padding:0;width:22px;height:22px}<\/style>\t\t<div class=\"elementor-spacer\">\n\t\t\t<div class=\"elementor-spacer-inner\"><\/div>\n\t\t<\/div>\n\t\t\t\t<\/div>\n\t\t\t\t<\/div>\n\t\t\t\t<div class=\"elementor-element elementor-element-7e48856 elementor-widget elementor-widget-heading\" data-id=\"7e48856\" data-element_type=\"widget\" data-widget_type=\"heading.default\">\n\t\t\t\t<div class=\"elementor-widget-container\">\n\t\t\t<style>\/*! elementor - v3.23.0 - 05-08-2024 *\/\n.elementor-heading-title{padding:0;margin:0;line-height:1}.elementor-widget-heading .elementor-heading-title[class*=elementor-size-]>a{color:inherit;font-size:inherit;line-height:inherit}.elementor-widget-heading .elementor-heading-title.elementor-size-small{font-size:15px}.elementor-widget-heading .elementor-heading-title.elementor-size-medium{font-size:19px}.elementor-widget-heading .elementor-heading-title.elementor-size-large{font-size:29px}.elementor-widget-heading .elementor-heading-title.elementor-size-xl{font-size:39px}.elementor-widget-heading .elementor-heading-title.elementor-size-xxl{font-size:59px}<\/style><h2 class=\"elementor-heading-title elementor-size-default\">\u00a1Haz crecer tu  patrimonio con seguridad y rentabilidad junto a Daktilar! <\/h2>\t\t<\/div>\n\t\t\t\t<\/div>\n\t\t\t\t<div class=\"elementor-element elementor-element-5626f04 elementor-widget elementor-widget-spacer\" data-id=\"5626f04\" data-element_type=\"widget\" data-widget_type=\"spacer.default\">\n\t\t\t\t<div class=\"elementor-widget-container\">\n\t\t\t\t\t<div class=\"elementor-spacer\">\n\t\t\t<div class=\"elementor-spacer-inner\"><\/div>\n\t\t<\/div>\n\t\t\t\t<\/div>\n\t\t\t\t<\/div>\n\t\t<div class=\"elementor-element elementor-element-86d8b98 e-flex e-con-boxed e-con e-child\" data-id=\"86d8b98\" data-element_type=\"container\">\n\t\t\t\t\t<div class=\"e-con-inner\">\n\t\t\t\t\t<\/div>\n\t\t\t\t<\/div>\n\t\t\t\t<div class=\"elementor-element elementor-element-b83afb4 elementor-widget elementor-widget-html\" data-id=\"b83afb4\" data-element_type=\"widget\" data-widget_type=\"html.default\">\n\t\t\t\t<div class=\"elementor-widget-container\">\n\t\t\t<p id=\"nosotros\">\t\t<\/div>\n\t\t\t\t<\/div>\n\t\t\t\t<div class=\"elementor-element elementor-element-0a09121 elementor-widget elementor-widget-spacer\" data-id=\"0a09121\" data-element_type=\"widget\" data-widget_type=\"spacer.default\">\n\t\t\t\t<div class=\"elementor-widget-container\">\n\t\t\t\t\t<div class=\"elementor-spacer\">\n\t\t\t<div class=\"elementor-spacer-inner\"><\/div>\n\t\t<\/div>\n\t\t\t\t<\/div>\n\t\t\t\t<\/div>\n\t\t\t\t<div class=\"elementor-element elementor-element-2ce82de elementor-widget elementor-widget-heading\" data-id=\"2ce82de\" data-element_type=\"widget\" data-widget_type=\"heading.default\">\n\t\t\t\t<div class=\"elementor-widget-container\">\n\t\t\t<h2 class=\"elementor-heading-title elementor-size-default\">\u00bfQU\u00c9 HACEMOS?<\/h2>\t\t<\/div>\n\t\t\t\t<\/div>\n\t\t\t\t<\/div>\n\t\t<div class=\"elementor-element elementor-element-b3830fe e-flex e-con-boxed e-con e-parent\" data-id=\"b3830fe\" data-element_type=\"container\">\n\t\t\t\t\t<div class=\"e-con-inner\">\n\t\t<div class=\"elementor-element elementor-element-5b03971 e-con-full e-flex e-con e-child\" data-id=\"5b03971\" data-element_type=\"container\">\n\t\t\t\t<div class=\"elementor-element elementor-element-529c4dc elementor-widget elementor-widget-image\" data-id=\"529c4dc\" data-element_type=\"widget\" data-widget_type=\"image.default\">\n\t\t\t\t<div class=\"elementor-widget-container\">\n\t\t\t<style>\/*! elementor - v3.23.0 - 05-08-2024 *\/\n.elementor-widget-image{text-align:center}.elementor-widget-image a{display:inline-block}.elementor-widget-image a img[src$=\".svg\"]{width:48px}.elementor-widget-image img{vertical-align:middle;display:inline-block}<\/style>\t\t\t\t\t\t\t\t\t\t<img decoding=\"async\" src=\"https:\/\/daktilarimobiliaria.com.mx\/wp-content\/uploads\/elementor\/thumbs\/Logo-Daktilar-en-fondo-qq9ecktdb5xnod4g5xoerp8kmkgmw8dw6y44zzb4ks.png\" title=\"Logo Daktilar en fondo\" alt=\"Logo Daktilar en fondo\" loading=\"lazy\" \/>\t\t\t\t\t\t\t\t\t\t\t\t\t<\/div>\n\t\t\t\t<\/div>\n\t\t\t\t<\/div>\n\t\t<div class=\"elementor-element elementor-element-4173495 e-con-full e-flex e-con e-child\" data-id=\"4173495\" data-element_type=\"container\">\n\t\t<div class=\"elementor-element elementor-element-85b9b88 e-con-full e-flex e-con e-child\" data-id=\"85b9b88\" data-element_type=\"container\">\n\t\t<div class=\"elementor-element elementor-element-5a27237 e-con-full e-flex e-con e-child\" data-id=\"5a27237\" data-element_type=\"container\">\n\t\t\t\t<div class=\"elementor-element elementor-element-9ecc9a8 elementor-widget elementor-widget-image\" data-id=\"9ecc9a8\" data-element_type=\"widget\" data-widget_type=\"image.default\">\n\t\t\t\t<div class=\"elementor-widget-container\">\n\t\t\t\t\t\t\t\t\t\t\t\t\t<img decoding=\"async\" src=\"https:\/\/daktilarimobiliaria.com.mx\/wp-content\/uploads\/elementor\/thumbs\/inmobiliaria-daktilar-icon-te-ayudamos-qq9e9njc5durvir4zl6bjq6808frbctfxvya1yzzjg.png\" title=\"inmobiliaria-daktilar-icon-te-ayudamos\" alt=\"inmobiliaria-daktilar-icon-te-ayudamos\" loading=\"lazy\" \/>\t\t\t\t\t\t\t\t\t\t\t\t\t<\/div>\n\t\t\t\t<\/div>\n\t\t\t\t<\/div>\n\t\t<div class=\"elementor-element elementor-element-15cfabd e-con-full e-flex e-con e-child\" data-id=\"15cfabd\" data-element_type=\"container\">\n\t\t\t\t<div class=\"elementor-element elementor-element-9644f62 elementor-widget elementor-widget-text-editor\" data-id=\"9644f62\" data-element_type=\"widget\" data-widget_type=\"text-editor.default\">\n\t\t\t\t<div class=\"elementor-widget-container\">\n\t\t\t<style>\/*! elementor - v3.23.0 - 05-08-2024 *\/\n.elementor-widget-text-editor.elementor-drop-cap-view-stacked .elementor-drop-cap{background-color:#69727d;color:#fff}.elementor-widget-text-editor.elementor-drop-cap-view-framed .elementor-drop-cap{color:#69727d;border:3px solid;background-color:transparent}.elementor-widget-text-editor:not(.elementor-drop-cap-view-default) .elementor-drop-cap{margin-top:8px}.elementor-widget-text-editor:not(.elementor-drop-cap-view-default) .elementor-drop-cap-letter{width:1em;height:1em}.elementor-widget-text-editor .elementor-drop-cap{float:left;text-align:center;line-height:1;font-size:50px}.elementor-widget-text-editor .elementor-drop-cap-letter{display:inline-block}<\/style>\t\t\t\t<p>Te ayudamos y asesoramos a encontrar tu espacio ideal.<\/p>\t\t\t\t\t\t<\/div>\n\t\t\t\t<\/div>\n\t\t\t\t<\/div>\n\t\t\t\t<\/div>\n\t\t<div class=\"elementor-element elementor-element-b0d973f e-con-full e-flex e-con e-child\" data-id=\"b0d973f\" data-element_type=\"container\">\n\t\t<div class=\"elementor-element elementor-element-b553898 e-con-full e-flex e-con e-child\" data-id=\"b553898\" data-element_type=\"container\">\n\t\t\t\t<div class=\"elementor-element elementor-element-0c00b61 elementor-widget elementor-widget-image\" data-id=\"0c00b61\" data-element_type=\"widget\" data-widget_type=\"image.default\">\n\t\t\t\t<div class=\"elementor-widget-container\">\n\t\t\t\t\t\t\t\t\t\t\t\t\t<img decoding=\"async\" src=\"https:\/\/daktilarimobiliaria.com.mx\/wp-content\/uploads\/elementor\/thumbs\/inmobiliaria-daktilar-icon-instituciones-de-credito-qq9e9jrze1pml2wlljjt9r4dmoyagkeildcc4v5k9g.png\" title=\"inmobiliaria-daktilar-icon-instituciones-de-credito\" alt=\"inmobiliaria-daktilar-icon-instituciones-de-credito\" loading=\"lazy\" \/>\t\t\t\t\t\t\t\t\t\t\t\t\t<\/div>\n\t\t\t\t<\/div>\n\t\t\t\t<\/div>\n\t\t<div class=\"elementor-element elementor-element-c76270f e-con-full e-flex e-con e-child\" data-id=\"c76270f\" data-element_type=\"container\">\n\t\t\t\t<div class=\"elementor-element elementor-element-29886bc elementor-widget elementor-widget-text-editor\" data-id=\"29886bc\" data-element_type=\"widget\" data-widget_type=\"text-editor.default\">\n\t\t\t\t<div class=\"elementor-widget-container\">\n\t\t\t\t\t\t\t<p>Contamos con alianzas con instituciones de cr\u00e9dito.<\/p>\t\t\t\t\t\t<\/div>\n\t\t\t\t<\/div>\n\t\t\t\t<\/div>\n\t\t\t\t<\/div>\n\t\t<div class=\"elementor-element elementor-element-3df5761 e-con-full e-flex e-con e-child\" data-id=\"3df5761\" data-element_type=\"container\">\n\t\t<div class=\"elementor-element elementor-element-4a486ed e-con-full e-flex e-con e-child\" data-id=\"4a486ed\" data-element_type=\"container\">\n\t\t\t\t<div class=\"elementor-element elementor-element-fe64231 elementor-widget elementor-widget-image\" data-id=\"fe64231\" data-element_type=\"widget\" data-widget_type=\"image.default\">\n\t\t\t\t<div class=\"elementor-widget-container\">\n\t\t\t\t\t\t\t\t\t\t\t\t\t<img decoding=\"async\" src=\"https:\/\/daktilarimobiliaria.com.mx\/wp-content\/uploads\/elementor\/thumbs\/inmobiliaria-daktilar-icon-facil-acceso-qq9e9iu577oc9gxyr156p9cx1b2x8vas98ounl6yfe.png\" title=\"inmobiliaria-daktilar-icon-facil-acceso\" alt=\"inmobiliaria-daktilar-icon-facil-acceso\" loading=\"lazy\" \/>\t\t\t\t\t\t\t\t\t\t\t\t\t<\/div>\n\t\t\t\t<\/div>\n\t\t\t\t<\/div>\n\t\t<div class=\"elementor-element elementor-element-3f324b1 e-con-full e-flex e-con e-child\" data-id=\"3f324b1\" data-element_type=\"container\">\n\t\t\t\t<div class=\"elementor-element elementor-element-7ac1b57 elementor-widget elementor-widget-text-editor\" data-id=\"7ac1b57\" data-element_type=\"widget\" data-widget_type=\"text-editor.default\">\n\t\t\t\t<div class=\"elementor-widget-container\">\n\t\t\t\t\t\t\t<p>Espacios con f\u00e1cil acceso para diferentes formas de transporte.<\/p>\t\t\t\t\t\t<\/div>\n\t\t\t\t<\/div>\n\t\t\t\t<\/div>\n\t\t\t\t<\/div>\n\t\t<div class=\"elementor-element elementor-element-721bbe0 e-con-full e-flex e-con e-child\" data-id=\"721bbe0\" data-element_type=\"container\">\n\t\t<div class=\"elementor-element elementor-element-9691e7d e-con-full e-flex e-con e-child\" data-id=\"9691e7d\" data-element_type=\"container\">\n\t\t\t\t<div class=\"elementor-element elementor-element-2c41af9 elementor-widget elementor-widget-image\" data-id=\"2c41af9\" data-element_type=\"widget\" data-widget_type=\"image.default\">\n\t\t\t\t<div class=\"elementor-widget-container\">\n\t\t\t\t\t\t\t\t\t\t\t\t\t<img decoding=\"async\" src=\"https:\/\/daktilarimobiliaria.com.mx\/wp-content\/uploads\/elementor\/thumbs\/inmobiliaria-daktilar-icon-atencion-personalizada-qq9e9adlhpcrcza94fhjkthrou8mbld782thc3jhze.png\" title=\"inmobiliaria-daktilar-icon-atencion-personalizada\" alt=\"inmobiliaria-daktilar-icon-atencion-personalizada\" loading=\"lazy\" \/>\t\t\t\t\t\t\t\t\t\t\t\t\t<\/div>\n\t\t\t\t<\/div>\n\t\t\t\t<\/div>\n\t\t<div class=\"elementor-element elementor-element-98e1a04 e-con-full e-flex e-con e-child\" data-id=\"98e1a04\" data-element_type=\"container\">\n\t\t\t\t<div class=\"elementor-element elementor-element-bb5e781 elementor-widget elementor-widget-text-editor\" data-id=\"bb5e781\" data-element_type=\"widget\" data-widget_type=\"text-editor.default\">\n\t\t\t\t<div class=\"elementor-widget-container\">\n\t\t\t\t\t\t\t<p>Te ayudamos y asesoramos a encontrar tu espacio ideal.<\/p>\t\t\t\t\t\t<\/div>\n\t\t\t\t<\/div>\n\t\t\t\t<\/div>\n\t\t\t\t<\/div>\n\t\t\t\t<\/div>\n\t\t\t\t\t<\/div>\n\t\t\t\t<\/div>\n\t\t<div class=\"elementor-element elementor-element-79fe5b9 e-flex e-con-boxed e-con e-parent\" data-id=\"79fe5b9\" data-element_type=\"container\" data-settings=\"{&quot;background_background&quot;:&quot;gradient&quot;}\">\n\t\t\t\t\t<div class=\"e-con-inner\">\n\t\t<div class=\"elementor-element elementor-element-45900ed e-con-full e-flex e-con e-child\" data-id=\"45900ed\" data-element_type=\"container\">\n\t\t\t\t<div class=\"elementor-element elementor-element-96a79be elementor-widget elementor-widget-text-editor\" data-id=\"96a79be\" data-element_type=\"widget\" data-widget_type=\"text-editor.default\">\n\t\t\t\t<div class=\"elementor-widget-container\">\n\t\t\t\t\t\t\t<p>En Daktilar, nos apasiona guiarte a descubrir proyectos inmobiliarios prometedores y rentables de la mano de expertos. \u00a1\u00danete a nuestra comunidad de inversionistas y haz crecer tu patrimonio con confianza!\u00bb. Nuestros departamentos ofrecen un dise\u00f1o innovador, contempor\u00e1neo y m\u00e1ximo confort para satisfacer todas tus necesidades.<\/p>\t\t\t\t\t\t<\/div>\n\t\t\t\t<\/div>\n\t\t\t\t<\/div>\n\t\t<div class=\"elementor-element elementor-element-e106d43 e-con-full e-flex e-con e-child\" data-id=\"e106d43\" data-element_type=\"container\">\n\t\t\t\t<div class=\"elementor-element elementor-element-5e14be3 elementor-widget elementor-widget-image\" data-id=\"5e14be3\" data-element_type=\"widget\" data-widget_type=\"image.default\">\n\t\t\t\t<div class=\"elementor-widget-container\">\n\t\t\t\t\t\t\t\t\t\t\t\t\t<img fetchpriority=\"high\" decoding=\"async\" width=\"620\" height=\"408\" src=\"https:\/\/daktilarimobiliaria.com.mx\/wp-content\/uploads\/2024\/06\/inmobiliaria-daktilar-img-nosotros1.jpg\" class=\"attachment-large size-large wp-image-46\" alt=\"\" srcset=\"https:\/\/daktilarimobiliaria.com.mx\/wp-content\/uploads\/2024\/06\/inmobiliaria-daktilar-img-nosotros1.jpg 900w, https:\/\/daktilarimobiliaria.com.mx\/wp-content\/uploads\/2024\/06\/inmobiliaria-daktilar-img-nosotros1-300x197.jpg 300w, https:\/\/daktilarimobiliaria.com.mx\/wp-content\/uploads\/2024\/06\/inmobiliaria-daktilar-img-nosotros1-768x505.jpg 768w\" sizes=\"(max-width: 620px) 100vw, 620px\" \/>\t\t\t\t\t\t\t\t\t\t\t\t\t<\/div>\n\t\t\t\t<\/div>\n\t\t\t\t<\/div>\n\t\t<div class=\"elementor-element elementor-element-3d7b5b3 e-con-full e-flex e-con e-child\" data-id=\"3d7b5b3\" data-element_type=\"container\">\n\t\t\t\t<div class=\"elementor-element elementor-element-9cb7638 elementor-widget elementor-widget-text-editor\" data-id=\"9cb7638\" data-element_type=\"widget\" data-widget_type=\"text-editor.default\">\n\t\t\t\t<div class=\"elementor-widget-container\">\n\t\t\t\t\t\t\t<p>Explora nuestra amplia variedad de Loft, departamentos tipo loft y estudios, cuidadosamente dise\u00f1ados para ofrecerte una distribuci\u00f3n de espacios \u00f3ptima, una iluminaci\u00f3n excepcional y una ventilaci\u00f3n cruzada. Esto crear\u00e1 un espacio totalmente funcional y a tu medida.<\/p>\t\t\t\t\t\t<\/div>\n\t\t\t\t<\/div>\n\t\t\t\t<\/div>\n\t\t<div class=\"elementor-element elementor-element-1f1e3f8 e-con-full e-flex e-con e-child\" data-id=\"1f1e3f8\" data-element_type=\"container\">\n\t\t\t\t<div class=\"elementor-element elementor-element-b97a4c9 elementor-widget elementor-widget-image\" data-id=\"b97a4c9\" data-element_type=\"widget\" data-widget_type=\"image.default\">\n\t\t\t\t<div class=\"elementor-widget-container\">\n\t\t\t\t\t\t\t\t\t\t\t\t\t<img decoding=\"async\" width=\"620\" height=\"361\" src=\"https:\/\/daktilarimobiliaria.com.mx\/wp-content\/uploads\/2024\/06\/inmobiliaria-daktilar-img-nosotros2.jpg\" class=\"attachment-large size-large wp-image-47\" alt=\"\" srcset=\"https:\/\/daktilarimobiliaria.com.mx\/wp-content\/uploads\/2024\/06\/inmobiliaria-daktilar-img-nosotros2.jpg 900w, https:\/\/daktilarimobiliaria.com.mx\/wp-content\/uploads\/2024\/06\/inmobiliaria-daktilar-img-nosotros2-300x175.jpg 300w, https:\/\/daktilarimobiliaria.com.mx\/wp-content\/uploads\/2024\/06\/inmobiliaria-daktilar-img-nosotros2-768x447.jpg 768w\" sizes=\"(max-width: 620px) 100vw, 620px\" \/>\t\t\t\t\t\t\t\t\t\t\t\t\t<\/div>\n\t\t\t\t<\/div>\n\t\t\t\t<\/div>\n\t\t\t\t\t<\/div>\n\t\t\t\t<\/div>\n\t\t<div class=\"elementor-element elementor-element-352acbc e-flex e-con-boxed e-con e-parent\" data-id=\"352acbc\" data-element_type=\"container\">\n\t\t\t\t\t<div class=\"e-con-inner\">\n\t\t<div class=\"elementor-element elementor-element-5e683ce e-con-full e-flex e-con e-child\" data-id=\"5e683ce\" data-element_type=\"container\">\n\t\t\t\t<div class=\"elementor-element elementor-element-56e659a elementor-widget elementor-widget-image\" data-id=\"56e659a\" data-element_type=\"widget\" data-widget_type=\"image.default\">\n\t\t\t\t<div class=\"elementor-widget-container\">\n\t\t\t\t\t\t\t\t\t\t\t\t\t<img decoding=\"async\" src=\"https:\/\/daktilarimobiliaria.com.mx\/wp-content\/uploads\/elementor\/thumbs\/inmobiliaria-daktilar-logo-airbnb-qq9echzrxsnb2actfvfhtl0zcdlg9n89mg8t2qc4du.png\" title=\"inmobiliaria-daktilar-logo-airbnb\" alt=\"inmobiliaria-daktilar-logo-airbnb\" loading=\"lazy\" \/>\t\t\t\t\t\t\t\t\t\t\t\t\t<\/div>\n\t\t\t\t<\/div>\n\t\t\t\t<\/div>\n\t\t<div class=\"elementor-element elementor-element-065de6d e-con-full e-flex e-con e-child\" data-id=\"065de6d\" data-element_type=\"container\">\n\t\t\t\t<div class=\"elementor-element elementor-element-e0aa31c elementor-widget elementor-widget-html\" data-id=\"e0aa31c\" data-element_type=\"widget\" data-widget_type=\"html.default\">\n\t\t\t\t<div class=\"elementor-widget-container\">\n\t\t\t<p id=\"beneficios\">\t\t<\/div>\n\t\t\t\t<\/div>\n\t\t\t\t<div class=\"elementor-element elementor-element-8932fe1 elementor-widget elementor-widget-text-editor\" data-id=\"8932fe1\" data-element_type=\"widget\" data-widget_type=\"text-editor.default\">\n\t\t\t\t<div class=\"elementor-widget-container\">\n\t\t\t\t\t\t\t<p>\u00a1Descubre una forma rentable de maximizar tus<br \/>ingresos con nuestra oportunidad de inversi\u00f3n en<br \/>departamentos para uso de Airbnb!<\/p>\t\t\t\t\t\t<\/div>\n\t\t\t\t<\/div>\n\t\t\t\t<div class=\"elementor-element elementor-element-a94215b elementor-widget elementor-widget-text-editor\" data-id=\"a94215b\" data-element_type=\"widget\" data-widget_type=\"text-editor.default\">\n\t\t\t\t<div class=\"elementor-widget-container\">\n\t\t\t\t\t\t\t<p>Nuestros departamentos son una opci\u00f3n atractiva para alquieres de corta duraci\u00f3n, como AIRBNB. Aprovecha la oportunidad de generar ingresos adicionales. Te proporcionamos proyecciones de inversi\u00f3n para que puedas visualizar el potencial de tu inversi\u00f3n con datos reales. \u00a1Comienza a construir tu camino hacia el \u00e9xito financiero!<\/p>\t\t\t\t\t\t<\/div>\n\t\t\t\t<\/div>\n\t\t\t\t<\/div>\n\t\t\t\t\t<\/div>\n\t\t\t\t<\/div>\n\t\t<div class=\"elementor-element elementor-element-b13e4fd e-flex e-con-boxed e-con e-parent\" data-id=\"b13e4fd\" data-element_type=\"container\">\n\t\t\t\t\t<div class=\"e-con-inner\">\n\t\t\t\t<div class=\"elementor-element elementor-element-f95834e elementor-widget elementor-widget-html\" data-id=\"f95834e\" data-element_type=\"widget\" data-widget_type=\"html.default\">\n\t\t\t\t<div class=\"elementor-widget-container\">\n\t\t\t<p id=\"proyectos\">\t\t<\/div>\n\t\t\t\t<\/div>\n\t\t\t\t\t<\/div>\n\t\t\t\t<\/div>\n\t\t<div class=\"elementor-element elementor-element-5874d97 e-flex e-con-boxed e-con e-parent\" data-id=\"5874d97\" data-element_type=\"container\" data-settings=\"{&quot;background_background&quot;:&quot;classic&quot;}\">\n\t\t\t\t\t<div class=\"e-con-inner\">\n\t\t<div class=\"elementor-element elementor-element-deaa3a6 e-flex e-con-boxed e-con e-child\" data-id=\"deaa3a6\" data-element_type=\"container\">\n\t\t\t\t\t<div class=\"e-con-inner\">\n\t\t<div class=\"elementor-element elementor-element-09be0b9 e-con-full e-flex e-con e-child\" data-id=\"09be0b9\" data-element_type=\"container\">\n\t\t<div class=\"elementor-element elementor-element-bf221a8 e-con-full e-flex e-con e-child\" data-id=\"bf221a8\" data-element_type=\"container\">\n\t\t\t\t<div class=\"elementor-element elementor-element-4002450 elementor-widget elementor-widget-heading\" data-id=\"4002450\" data-element_type=\"widget\" data-widget_type=\"heading.default\">\n\t\t\t\t<div class=\"elementor-widget-container\">\n\t\t\t<h2 class=\"elementor-heading-title elementor-size-default\">SIMULA TU<\/h2>\t\t<\/div>\n\t\t\t\t<\/div>\n\t\t\t\t<\/div>\n\t\t<div class=\"elementor-element elementor-element-495cbe3 e-con-full e-flex e-con e-child\" data-id=\"495cbe3\" data-element_type=\"container\">\n\t\t\t\t<div class=\"elementor-element elementor-element-0f35c3f elementor-widget elementor-widget-heading\" data-id=\"0f35c3f\" data-element_type=\"widget\" data-widget_type=\"heading.default\">\n\t\t\t\t<div class=\"elementor-widget-container\">\n\t\t\t<h2 class=\"elementor-heading-title elementor-size-default\">CR\u00c9DITO HIPOTECARIO<\/h2>\t\t<\/div>\n\t\t\t\t<\/div>\n\t\t\t\t<\/div>\n\t\t\t\t<\/div>\n\t\t<div class=\"elementor-element elementor-element-92dc234 e-con-full e-flex e-con e-child\" data-id=\"92dc234\" data-element_type=\"container\">\n\t\t\t\t<div class=\"elementor-element elementor-element-1f69ce5 elementor-align-center elementor-widget elementor-widget-button\" data-id=\"1f69ce5\" data-element_type=\"widget\" data-widget_type=\"button.default\">\n\t\t\t\t<div class=\"elementor-widget-container\">\n\t\t\t\t\t<div class=\"elementor-button-wrapper\">\n\t\t\t<a class=\"elementor-button elementor-button-link elementor-size-sm elementor-animation-push\" href=\"#\">\n\t\t\t\t\t\t<span class=\"elementor-button-content-wrapper\">\n\t\t\t\t\t\t\t\t\t<span class=\"elementor-button-text\">DA CLICK AQUI Y ENTRA AL PORTAL DEL INFONAVIT<\/span>\n\t\t\t\t\t<\/span>\n\t\t\t\t\t<\/a>\n\t\t<\/div>\n\t\t\t\t<\/div>\n\t\t\t\t<\/div>\n\t\t\t\t<\/div>\n\t\t\t\t\t<\/div>\n\t\t\t\t<\/div>\n\t\t\t\t\t<\/div>\n\t\t\t\t<\/div>\n\t\t<div class=\"elementor-element elementor-element-53fd899 e-flex e-con-boxed e-con e-parent\" data-id=\"53fd899\" data-element_type=\"container\">\n\t\t\t\t\t<div class=\"e-con-inner\">\n\t\t\t\t<div class=\"elementor-element elementor-element-2a371b8 elementor-widget elementor-widget-image\" data-id=\"2a371b8\" data-element_type=\"widget\" data-widget_type=\"image.default\">\n\t\t\t\t<div class=\"elementor-widget-container\">\n\t\t\t\t\t\t\t\t\t\t\t\t\t<img decoding=\"async\" width=\"1920\" height=\"254\" src=\"https:\/\/daktilarimobiliaria.com.mx\/wp-content\/uploads\/2024\/06\/inmobiliaria-daktilar-img-banner-creditos.jpg\" class=\"attachment-full size-full wp-image-39\" alt=\"\" srcset=\"https:\/\/daktilarimobiliaria.com.mx\/wp-content\/uploads\/2024\/06\/inmobiliaria-daktilar-img-banner-creditos.jpg 1920w, https:\/\/daktilarimobiliaria.com.mx\/wp-content\/uploads\/2024\/06\/inmobiliaria-daktilar-img-banner-creditos-300x40.jpg 300w, https:\/\/daktilarimobiliaria.com.mx\/wp-content\/uploads\/2024\/06\/inmobiliaria-daktilar-img-banner-creditos-1024x135.jpg 1024w, https:\/\/daktilarimobiliaria.com.mx\/wp-content\/uploads\/2024\/06\/inmobiliaria-daktilar-img-banner-creditos-768x102.jpg 768w, https:\/\/daktilarimobiliaria.com.mx\/wp-content\/uploads\/2024\/06\/inmobiliaria-daktilar-img-banner-creditos-1536x203.jpg 1536w, https:\/\/daktilarimobiliaria.com.mx\/wp-content\/uploads\/2024\/06\/inmobiliaria-daktilar-img-banner-creditos-1568x207.jpg 1568w\" sizes=\"(max-width: 1920px) 100vw, 1920px\" \/>\t\t\t\t\t\t\t\t\t\t\t\t\t<\/div>\n\t\t\t\t<\/div>\n\t\t\t\t<div class=\"elementor-element elementor-element-7284bde elementor-widget elementor-widget-html\" data-id=\"7284bde\" data-element_type=\"widget\" data-widget_type=\"html.default\">\n\t\t\t\t<div class=\"elementor-widget-container\">\n\t\t\t<p id=\"contacto\">\t\t<\/div>\n\t\t\t\t<\/div>\n\t\t\t\t\t<\/div>\n\t\t\t\t<\/div>\n\t\t\t\t<\/div>\n\t\t","protected":false},"excerpt":{"rendered":"<p>\u00a1Haz crecer tu patrimonio con seguridad y rentabilidad junto a Daktilar! \u00bfQU\u00c9 HACEMOS? Te ayudamos y asesoramos a encontrar tu espacio ideal. Contamos con alianzas con instituciones de cr\u00e9dito. Espacios con f\u00e1cil acceso para diferentes formas de transporte. Te ayudamos y asesoramos a encontrar tu espacio ideal. En Daktilar, nos apasiona guiarte a descubrir proyectos<a class=\"more-link\" href=\"https:\/\/daktilarimobiliaria.com.mx\/\">Seguir leyendo <span class=\"screen-reader-text\">\u00abINICIO\u00bb<\/span><\/a><\/p>\n","protected":false},"author":1,"featured_media":0,"parent":0,"menu_order":0,"comment_status":"closed","ping_status":"open","template":"elementor_header_footer","meta":{"footnotes":""},"class_list":["post-2","page","type-page","status-publish","hentry","entry"],"_links":{"self":[{"href":"https:\/\/daktilarimobiliaria.com.mx\/index.php?rest_route=\/wp\/v2\/pages\/2","targetHints":{"allow":["GET"]}}],"collection":[{"href":"https:\/\/daktilarimobiliaria.com.mx\/index.php?rest_route=\/wp\/v2\/pages"}],"about":[{"href":"https:\/\/daktilarimobiliaria.com.mx\/index.php?rest_route=\/wp\/v2\/types\/page"}],"author":[{"embeddable":true,"href":"https:\/\/daktilarimobiliaria.com.mx\/index.php?rest_route=\/wp\/v2\/users\/1"}],"replies":[{"embeddable":true,"href":"https:\/\/daktilarimobiliaria.com.mx\/index.php?rest_route=%2Fwp%2Fv2%2Fcomments&post=2"}],"version-history":[{"count":37,"href":"https:\/\/daktilarimobiliaria.com.mx\/index.php?rest_route=\/wp\/v2\/pages\/2\/revisions"}],"predecessor-version":[{"id":290,"href":"https:\/\/daktilarimobiliaria.com.mx\/index.php?rest_route=\/wp\/v2\/pages\/2\/revisions\/290"}],"wp:attachment":[{"href":"https:\/\/daktilarimobiliaria.com.mx\/index.php?rest_route=%2Fwp%2Fv2%2Fmedia&parent=2"}],"curies":[{"name":"wp","href":"https:\/\/api.w.org\/{rel}","templated":true}]}}